{"id":3,"date":"2025-05-31T11:43:36","date_gmt":"2025-05-31T09:43:36","guid":{"rendered":"http:\/\/lajolieparenthese.fr\/?page_id=3"},"modified":"2025-10-02T20:12:10","modified_gmt":"2025-10-02T18:12:10","slug":"politique-de-confidentialite","status":"publish","type":"page","link":"https:\/\/lajolieparenthese.fr\/?page_id=3","title":{"rendered":"Politique de confidentialit\u00e9"},"content":{"rendered":"\n<p><em>Derni\u00e8re mise \u00e0 jour : 7 ao\u00fbt 2025<\/em><\/p>\n\n\n\n<h3 class=\"wp-block-heading\">Qui suis-je&nbsp;?<\/h3>\n\n\n\n<p>L\u2019adresse de mon site est&nbsp;: https:\/\/lajolieparenthese.fr<\/p>\n\n\n\n<p><strong>Jolie Parenth\u00e8se<\/strong> est une micro-entreprise sp\u00e9cialis\u00e9e dans la conception et la personnalisation d\u2019\u00e9l\u00e9ments graphiques et d\u00e9coratifs pour vos \u00e9v\u00e9nements ainsi que la conception de plans.<\/p>\n\n\n\n<p>Chez <strong>Jolie Parenth\u00e8se<\/strong>, nous attachons une grande importance \u00e0 la confidentialit\u00e9 de vos donn\u00e9es personnelles. Cette page a pour objectif de vous informer de mani\u00e8re transparente sur la fa\u00e7on dont nous collectons, utilisons et prot\u00e9geons vos donn\u00e9es, conform\u00e9ment au <strong>R\u00e8glement G\u00e9n\u00e9ral sur la Protection des Donn\u00e9es (RGPD)<\/strong>.<\/p>\n\n\n\n<h3 class=\"wp-block-heading\">Donn\u00e9es collect\u00e9es<\/h3>\n\n\n\n<p>Nous ne collectons des donn\u00e9es personnelles que via notre <strong>formulaire de contact<\/strong>. Il peut vous \u00eatre demand\u00e9 de renseigner :<\/p>\n\n\n\n<ul class=\"wp-block-list\">\n<li>Votre <strong>nom<\/strong><\/li>\n\n\n\n<li>Votre <strong>adresse e-mail<\/strong><\/li>\n\n\n\n<li>L\u2019objet et le <strong>contenu de votre message<\/strong><\/li>\n<\/ul>\n\n\n\n<p>Ces donn\u00e9es sont utilis\u00e9es uniquement pour vous r\u00e9pondre et <strong>ne sont jamais transmises \u00e0 des tiers<\/strong> \u00e0 des fins commerciales.<\/p>\n\n\n\n<h3 class=\"wp-block-heading\">M\u00e9dias<\/h3>\n\n\n\n<p><strong class=\"privacy-policy-tutorial\">Texte sugg\u00e9r\u00e9&nbsp;: <\/strong>Si vous t\u00e9l\u00e9versez des images sur le site, nous vous conseillons d\u2019\u00e9viter de t\u00e9l\u00e9verser des images contenant des donn\u00e9es EXIF de coordonn\u00e9es GPS. Les personnes visitant votre site peuvent t\u00e9l\u00e9charger et extraire des donn\u00e9es de localisation depuis ces images.<\/p>\n\n\n\n<h3 class=\"wp-block-heading\">Cookies<\/h3>\n\n\n\n<p>Le site utilise des cookies techniques n\u00e9cessaires \u00e0 son bon fonctionnement. Aucun cookie publicitaire ou de suivi n\u2019est utilis\u00e9 \u00e0 ce jour. Si cela venait \u00e0 changer, un bandeau de consentement s\u2019affichera lors de votre visite.<\/p>\n\n\n\n<h3 class=\"wp-block-heading\">Contenu embarqu\u00e9 depuis d\u2019autres sites<\/h3>\n\n\n\n<p>Les articles de ce site peuvent inclure des contenus int\u00e9gr\u00e9s (par exemple des vid\u00e9os, images, articles\u2026). Le contenu int\u00e9gr\u00e9 depuis d\u2019autres sites se comporte de la m\u00eame mani\u00e8re que si le visiteur se rendait sur cet autre site.<\/p>\n\n\n\n<p>Ces sites web pourraient collecter des donn\u00e9es sur vous, utiliser des cookies, embarquer des outils de suivis tiers, suivre vos interactions avec ces contenus embarqu\u00e9s si vous disposez d\u2019un compte connect\u00e9 sur leur site web.<\/p>\n\n\n\n<h3 class=\"wp-block-heading\">Utilisation et transmission de vos donn\u00e9es personnelles<\/h3>\n\n\n\n<p>Les donn\u00e9es transmises via le formulaire de contact sont utilis\u00e9es uniquement pour :<\/p>\n\n\n\n<ul class=\"wp-block-list\">\n<li>R\u00e9pondre \u00e0 vos demandes ou devis<\/li>\n\n\n\n<li>Vous recontacter dans le cadre de vos projets ou commandes<\/li>\n<\/ul>\n\n\n\n<p>Elles ne sont pas utilis\u00e9es \u00e0 des fins de marketing sans votre consentement explicite.<\/p>\n\n\n\n<h3 class=\"wp-block-heading\">Dur\u00e9es de stockage de vos donn\u00e9es<\/h3>\n\n\n\n<p>Les messages re\u00e7us via le formulaire peuvent \u00eatre conserv\u00e9s jusqu\u2019\u00e0 <strong>12 mois<\/strong> apr\u00e8s le dernier \u00e9change, afin d\u2019assurer un bon suivi. Au-del\u00e0, ils sont supprim\u00e9s automatiquement ou manuellement..<\/p>\n\n\n\n<h3 class=\"wp-block-heading\">Les droits que vous avez sur vos donn\u00e9es<\/h3>\n\n\n\n<p>Conform\u00e9ment au RGPD, vous disposez des droits suivants :<\/p>\n\n\n\n<ul class=\"wp-block-list\">\n<li>Droit d&rsquo;acc\u00e8s \u00e0 vos donn\u00e9es<\/li>\n\n\n\n<li>Droit de rectification ou suppression<\/li>\n\n\n\n<li>Droit d&rsquo;opposition ou limitation au traitement<\/li>\n<\/ul>\n\n\n\n<p>Vous pouvez exercer ces droits \u00e0 tout moment en nous \u00e9crivant \u00e0  : contact@lajolieparenthese.fr<\/p>\n\n\n\n<p>Nous nous engageons \u00e0 vous r\u00e9pondre dans un d\u00e9lai de 30 jours.<\/p>\n\n\n\n<h3 class=\"wp-block-heading\">Transmission de vos donn\u00e9es personnelles<\/h3>\n\n\n\n<p>Vos donn\u00e9es sont stock\u00e9es de mani\u00e8re s\u00e9curis\u00e9e et ne sont accessibles qu\u2019\u00e0 la responsable de Jolie Parenth\u00e8se. Aucune transmission de donn\u00e9es \u00e0 des tiers n\u2019est effectu\u00e9e, ni \u00e0 des fins commerciales, ni \u00e0 des fins analytiques.<\/p>\n\n\n\n<h3 class=\"wp-block-heading\">Mise \u00e0 jour<\/h3>\n\n\n\n<p>Cette politique de confidentialit\u00e9 peut \u00eatre modifi\u00e9e \u00e0 tout moment pour s\u2019adapter \u00e0 l\u2019\u00e9volution du site ou \u00e0 la r\u00e9glementation en vigueur.<\/p>\n\n\n\n<p>Toute modification majeure sera clairement signal\u00e9e sur cette page avec la date de mise \u00e0 jour.<\/p>\n","protected":false},"excerpt":{"rendered":"<p>Derni\u00e8re mise \u00e0 jour : 7 ao\u00fbt 2025 Qui suis-je&nbsp;? L\u2019adresse de mon site est&nbsp;: https:\/\/lajolieparenthese.fr Jolie Parenth\u00e8se est une micro-entreprise sp\u00e9cialis\u00e9e dans la conception et la personnalisation d\u2019\u00e9l\u00e9ments graphiques et d\u00e9coratifs pour vos \u00e9v\u00e9nements ainsi que la conception de plans. Chez Jolie Parenth\u00e8se, nous attachons une grande importance \u00e0 la confidentialit\u00e9 de vos donn\u00e9es [&hellip;]<\/p>\n","protected":false},"author":1,"featured_media":0,"parent":0,"menu_order":0,"comment_status":"closed","ping_status":"open","template":"page-politique-de-confidentialite-template","meta":{"saved_in_kubio":true,"footnotes":""},"class_list":["post-3","page","type-page","status-publish","hentry"],"kubio_ai_page_context":{"short_desc":"","purpose":"general"},"_links":{"self":[{"href":"https:\/\/lajolieparenthese.fr\/index.php?rest_route=\/wp\/v2\/pages\/3","targetHints":{"allow":["GET"]}}],"collection":[{"href":"https:\/\/lajolieparenthese.fr\/index.php?rest_route=\/wp\/v2\/pages"}],"about":[{"href":"https:\/\/lajolieparenthese.fr\/index.php?rest_route=\/wp\/v2\/types\/page"}],"author":[{"embeddable":true,"href":"https:\/\/lajolieparenthese.fr\/index.php?rest_route=\/wp\/v2\/users\/1"}],"replies":[{"embeddable":true,"href":"https:\/\/lajolieparenthese.fr\/index.php?rest_route=%2Fwp%2Fv2%2Fcomments&post=3"}],"version-history":[{"count":8,"href":"https:\/\/lajolieparenthese.fr\/index.php?rest_route=\/wp\/v2\/pages\/3\/revisions"}],"predecessor-version":[{"id":930,"href":"https:\/\/lajolieparenthese.fr\/index.php?rest_route=\/wp\/v2\/pages\/3\/revisions\/930"}],"wp:attachment":[{"href":"https:\/\/lajolieparenthese.fr\/index.php?rest_route=%2Fwp%2Fv2%2Fmedia&parent=3"}],"curies":[{"name":"wp","href":"https:\/\/api.w.org\/{rel}","templated":true}]}}